{"id":53,"date":"2024-10-04T13:56:58","date_gmt":"2024-10-04T13:56:58","guid":{"rendered":"https:\/\/kidsontrack.ch\/?page_id=53"},"modified":"2024-10-04T14:04:32","modified_gmt":"2024-10-04T14:04:32","slug":"wie-was-wo","status":"publish","type":"page","link":"https:\/\/kidsontrack.ch\/?page_id=53","title":{"rendered":"Wie, was, wo?"},"content":{"rendered":"\n<div class=\"wp-block-group alignfull has-accent-background-color has-background has-global-padding is-layout-constrained wp-container-core-group-is-layout-669513ed wp-block-group-is-layout-constrained\" style=\"margin-top:0;margin-bottom:0;padding-top:var(--wp--preset--spacing--50);padding-right:var(--wp--preset--spacing--50);padding-bottom:var(--wp--preset--spacing--50);padding-left:var(--wp--preset--spacing--50)\">\n<div class=\"wp-block-columns alignwide is-layout-flex wp-container-core-columns-is-layout-1da03c2a wp-block-columns-is-layout-flex\">\n<div class=\"wp-block-column is-vertically-aligned-stretch is-layout-flow wp-block-column-is-layout-flow\" style=\"flex-basis:50%\">\n<div class=\"wp-block-group is-vertical is-content-justification-stretch is-layout-flex wp-container-core-group-is-layout-444d5ee8 wp-block-group-is-layout-flex\" style=\"min-height:100%\">\n<p class=\"has-heading-font-family has-x-large-font-size\" style=\"line-height:1.2\">Wie?<\/p>\n\n\n\n<div class=\"wp-block-group has-global-padding is-content-justification-left is-layout-constrained wp-container-core-group-is-layout-9fe8ed88 wp-block-group-is-layout-constrained\">\n<p class=\"wp-container-content-0733e5d0\">Du meldest dich mit einem L\u00e4cheln beim Empfang im Innenraum der Rennbahn an. Dort erh\u00e4ltst du deinen Startcoupons und dein T-Shirt. Den Startcoupons gibst du beim Start zum Rennen ab. Halte dich ca. 15min vorher bereit. Es kann vorkommen, dass wir schneller sind und du ein paar Minuten fr\u00fcher starten kannst. Im Innenraum gibt es \u00fcbrigens einen Parcours, den du befahren darfst. So wird deine Wartezeit sehr kurzweilig! Dein Rennen wird eine Runde gegen die Zeit auf der Rennbahn sein. Die schnellsten drei M\u00e4dchen und drei Jungs werden an der Siegerehrung um ca. 19.45h geehrt. Alle Teilnehmende k\u00f6nnen beim nach Hause gehen am Empfang ihr Diplom abholen.<\/p>\n<\/div>\n<\/div>\n<\/div>\n\n\n\n<div class=\"wp-block-column is-vertically-aligned-center is-layout-flow wp-block-column-is-layout-flow\" style=\"flex-basis:50%\">\n<figure class=\"wp-block-image size-large is-style-rounded is-style-rounded--1\"><img loading=\"lazy\" decoding=\"async\" width=\"1024\" height=\"768\" src=\"https:\/\/kidsontrack.ch\/wp-content\/uploads\/2024\/10\/page52-1014-full-1024x768.jpg\" alt=\"\" class=\"wp-image-95\" style=\"aspect-ratio:3\/4;object-fit:cover\" srcset=\"https:\/\/kidsontrack.ch\/wp-content\/uploads\/2024\/10\/page52-1014-full-1024x768.jpg 1024w, https:\/\/kidsontrack.ch\/wp-content\/uploads\/2024\/10\/page52-1014-full-300x225.jpg 300w, https:\/\/kidsontrack.ch\/wp-content\/uploads\/2024\/10\/page52-1014-full-768x576.jpg 768w, https:\/\/kidsontrack.ch\/wp-content\/uploads\/2024\/10\/page52-1014-full.jpg 1280w\" sizes=\"auto, (max-width: 1024px) 100vw, 1024px\" \/><\/figure>\n<\/div>\n<\/div>\n<\/div>\n\n\n\n<div class=\"wp-block-group alignfull has-base-background-color has-background has-global-padding is-layout-constrained wp-container-core-group-is-layout-d89aad35 wp-block-group-is-layout-constrained\" style=\"margin-top:0;margin-bottom:0;padding-top:var(--wp--preset--spacing--50);padding-right:var(--wp--preset--spacing--50);padding-bottom:var(--wp--preset--spacing--50);padding-left:var(--wp--preset--spacing--50)\">\n<div class=\"wp-block-columns alignwide is-layout-flex wp-container-core-columns-is-layout-549b0c86 wp-block-columns-is-layout-flex\">\n<div class=\"wp-block-column is-vertically-aligned-stretch has-global-padding is-content-justification-left is-layout-constrained wp-container-core-column-is-layout-4f15e8fe wp-block-column-is-layout-constrained\" style=\"flex-basis:40%\">\n<p>Anfahrt<\/p>\n\n\n\n<iframe src=\"https:\/\/www.google.com\/maps\/embed?pb=!1m18!1m12!1m3!1d1754.9745282810147!2d8.54900742212214!3d47.40985070093855!2m3!1f0!2f0!3f0!3m2!1i1024!2i768!4f13.1!3m3!1m2!1s0x47900a81910aa105%3A0x1e7b80843686969b!2sOffene%20Rennbahn%20Oerlikon!5e1!3m2!1sde!2sch!4v1728050165872!5m2!1sde!2sch\" width=\"600\" height=\"450\" style=\"border:0;\" allowfullscreen=\"\" loading=\"lazy\" referrerpolicy=\"no-referrer-when-downgrade\"><\/iframe>\n<\/div>\n\n\n\n<div class=\"wp-block-column is-layout-flow wp-container-core-column-is-layout-119bc444 wp-block-column-is-layout-flow\" style=\"flex-basis:60%\">\n<p class=\"has-heading-font-family has-x-large-font-size\" style=\"line-height:1.2\">Wo?<\/p>\n\n\n\n<div class=\"wp-block-columns is-layout-flex wp-container-core-columns-is-layout-87beb0d0 wp-block-columns-is-layout-flex\">\n<div class=\"wp-block-column is-layout-flow wp-block-column-is-layout-flow\">\n<p class=\"wp-container-content-9cfa9a5a\">Zahlreiche S-Bahn-Verbindungen bringen dich direkt zum Bahnhof Z\u00fcrich Oerlikon. Von da sind es lediglich 10min zu Fuss bis zur Rennbahn.<\/p>\n<\/div>\n\n\n\n<div class=\"wp-block-column is-layout-flow wp-block-column-is-layout-flow\">\n<p>Parkpl\u00e4tze stehen bei der Rennbahn selbst keine zur Verf\u00fcgung. Im Dreieck vis-\u00e0-vis oder im Messe-Parking gibt es Parkm\u00f6glichkeiten.<\/p>\n<\/div>\n<\/div>\n<\/div>\n<\/div>\n\n\n\n<h2 class=\"wp-block-heading\">Was?<\/h2>\n\n\n\n<p>Im Innenraum gibt es zu fairen Preisen Essen, Trinken, Dessert und Sitzgelegenheiten.<\/p>\n\n\n\n<figure class=\"wp-block-gallery has-nested-images columns-default is-cropped wp-block-gallery-5 is-layout-flex wp-block-gallery-is-layout-flex\">\n<figure class=\"wp-block-image size-large is-style-rounded is-style-rounded--2\"><img loading=\"lazy\" decoding=\"async\" width=\"1024\" height=\"768\" data-id=\"94\" src=\"https:\/\/kidsontrack.ch\/wp-content\/uploads\/2024\/10\/page52-1012-full-1024x768.jpg\" alt=\"\" class=\"wp-image-94\" srcset=\"https:\/\/kidsontrack.ch\/wp-content\/uploads\/2024\/10\/page52-1012-full-1024x768.jpg 1024w, https:\/\/kidsontrack.ch\/wp-content\/uploads\/2024\/10\/page52-1012-full-300x225.jpg 300w, https:\/\/kidsontrack.ch\/wp-content\/uploads\/2024\/10\/page52-1012-full-768x576.jpg 768w, https:\/\/kidsontrack.ch\/wp-content\/uploads\/2024\/10\/page52-1012-full.jpg 1280w\" sizes=\"auto, (max-width: 1024px) 100vw, 1024px\" \/><\/figure>\n\n\n\n<figure class=\"wp-block-image size-large is-style-rounded is-style-rounded--3\"><img loading=\"lazy\" decoding=\"async\" width=\"472\" height=\"1024\" data-id=\"79\" src=\"https:\/\/kidsontrack.ch\/wp-content\/uploads\/2024\/10\/page52-1010-full-472x1024.jpg\" alt=\"\" class=\"wp-image-79\" srcset=\"https:\/\/kidsontrack.ch\/wp-content\/uploads\/2024\/10\/page52-1010-full-472x1024.jpg 472w, https:\/\/kidsontrack.ch\/wp-content\/uploads\/2024\/10\/page52-1010-full-138x300.jpg 138w, https:\/\/kidsontrack.ch\/wp-content\/uploads\/2024\/10\/page52-1010-full.jpg 590w\" sizes=\"auto, (max-width: 472px) 100vw, 472px\" \/><\/figure>\n\n\n\n<figure class=\"wp-block-image size-large is-style-rounded is-style-rounded--4\"><img loading=\"lazy\" decoding=\"async\" width=\"1024\" height=\"577\" data-id=\"78\" src=\"https:\/\/kidsontrack.ch\/wp-content\/uploads\/2024\/10\/page52-1001-full-1024x577.jpg\" alt=\"\" class=\"wp-image-78\" srcset=\"https:\/\/kidsontrack.ch\/wp-content\/uploads\/2024\/10\/page52-1001-full-1024x577.jpg 1024w, https:\/\/kidsontrack.ch\/wp-content\/uploads\/2024\/10\/page52-1001-full-300x169.jpg 300w, https:\/\/kidsontrack.ch\/wp-content\/uploads\/2024\/10\/page52-1001-full-768x433.jpg 768w, https:\/\/kidsontrack.ch\/wp-content\/uploads\/2024\/10\/page52-1001-full.jpg 1280w\" sizes=\"auto, (max-width: 1024px) 100vw, 1024px\" \/><\/figure>\n<\/figure>\n<\/div>\n\n\n\n<p><\/p>\n","protected":false},"excerpt":{"rendered":"<p>Wie? Du meldest dich mit einem L\u00e4cheln beim Empfang im Innenraum der Rennbahn an. Dort erh\u00e4ltst du deinen Startcoupons und dein T-Shirt. Den Startcoupons gibst du beim Start zum Rennen ab. Halte dich ca. 15min vorher bereit. Es kann vorkommen, dass wir schneller sind und du ein paar Minuten fr\u00fcher starten kannst. Im Innenraum gibt [&hellip;]<\/p>\n","protected":false},"author":1,"featured_media":0,"parent":0,"menu_order":0,"comment_status":"closed","ping_status":"closed","template":"","meta":{"footnotes":""},"class_list":["post-53","page","type-page","status-publish","hentry"],"yoast_head":"<!-- This site is optimized with the Yoast SEO plugin v27.0 - https:\/\/yoast.com\/product\/yoast-seo-wordpress\/ -->\n<title>Wie, was, wo? - Home<\/title>\n<meta name=\"robots\" content=\"index, follow, max-snippet:-1, max-image-preview:large, max-video-preview:-1\" \/>\n<link rel=\"canonical\" href=\"https:\/\/kidsontrack.ch\/?page_id=53\" \/>\n<meta property=\"og:locale\" content=\"de_DE\" \/>\n<meta property=\"og:type\" content=\"article\" \/>\n<meta property=\"og:title\" content=\"Wie, was, wo? - Home\" \/>\n<meta property=\"og:description\" content=\"Wie? Du meldest dich mit einem L\u00e4cheln beim Empfang im Innenraum der Rennbahn an. Dort erh\u00e4ltst du deinen Startcoupons und dein T-Shirt. Den Startcoupons gibst du beim Start zum Rennen ab. Halte dich ca. 15min vorher bereit. Es kann vorkommen, dass wir schneller sind und du ein paar Minuten fr\u00fcher starten kannst. Im Innenraum gibt [&hellip;]\" \/>\n<meta property=\"og:url\" content=\"https:\/\/kidsontrack.ch\/?page_id=53\" \/>\n<meta property=\"og:site_name\" content=\"Home\" \/>\n<meta property=\"article:modified_time\" content=\"2024-10-04T14:04:32+00:00\" \/>\n<meta property=\"og:image\" content=\"https:\/\/kidsontrack.ch\/wp-content\/uploads\/2024\/10\/page52-1014-full-1024x768.jpg\" \/>\n<meta name=\"twitter:card\" content=\"summary_large_image\" \/>\n<meta name=\"twitter:label1\" content=\"Gesch\u00e4tzte Lesezeit\" \/>\n\t<meta name=\"twitter:data1\" content=\"2\u00a0Minuten\" \/>\n<script type=\"application\/ld+json\" class=\"yoast-schema-graph\">{\"@context\":\"https:\/\/schema.org\",\"@graph\":[{\"@type\":\"WebPage\",\"@id\":\"https:\/\/kidsontrack.ch\/?page_id=53\",\"url\":\"https:\/\/kidsontrack.ch\/?page_id=53\",\"name\":\"Wie, was, wo? - Home\",\"isPartOf\":{\"@id\":\"https:\/\/kidsontrack.ch\/#website\"},\"primaryImageOfPage\":{\"@id\":\"https:\/\/kidsontrack.ch\/?page_id=53#primaryimage\"},\"image\":{\"@id\":\"https:\/\/kidsontrack.ch\/?page_id=53#primaryimage\"},\"thumbnailUrl\":\"https:\/\/kidsontrack.ch\/wp-content\/uploads\/2024\/10\/page52-1014-full-1024x768.jpg\",\"datePublished\":\"2024-10-04T13:56:58+00:00\",\"dateModified\":\"2024-10-04T14:04:32+00:00\",\"breadcrumb\":{\"@id\":\"https:\/\/kidsontrack.ch\/?page_id=53#breadcrumb\"},\"inLanguage\":\"de\",\"potentialAction\":[{\"@type\":\"ReadAction\",\"target\":[\"https:\/\/kidsontrack.ch\/?page_id=53\"]}]},{\"@type\":\"ImageObject\",\"inLanguage\":\"de\",\"@id\":\"https:\/\/kidsontrack.ch\/?page_id=53#primaryimage\",\"url\":\"https:\/\/kidsontrack.ch\/wp-content\/uploads\/2024\/10\/page52-1014-full.jpg\",\"contentUrl\":\"https:\/\/kidsontrack.ch\/wp-content\/uploads\/2024\/10\/page52-1014-full.jpg\",\"width\":1280,\"height\":960},{\"@type\":\"BreadcrumbList\",\"@id\":\"https:\/\/kidsontrack.ch\/?page_id=53#breadcrumb\",\"itemListElement\":[{\"@type\":\"ListItem\",\"position\":1,\"name\":\"Startseite\",\"item\":\"https:\/\/kidsontrack.ch\/\"},{\"@type\":\"ListItem\",\"position\":2,\"name\":\"Wie, was, wo?\"}]},{\"@type\":\"WebSite\",\"@id\":\"https:\/\/kidsontrack.ch\/#website\",\"url\":\"https:\/\/kidsontrack.ch\/\",\"name\":\"Home\",\"description\":\"Rundenzeitfahren f\u00fcr Kinder und Jugendliche\",\"potentialAction\":[{\"@type\":\"SearchAction\",\"target\":{\"@type\":\"EntryPoint\",\"urlTemplate\":\"https:\/\/kidsontrack.ch\/?s={search_term_string}\"},\"query-input\":{\"@type\":\"PropertyValueSpecification\",\"valueRequired\":true,\"valueName\":\"search_term_string\"}}],\"inLanguage\":\"de\"}]}<\/script>\n<!-- \/ Yoast SEO plugin. -->","yoast_head_json":{"title":"Wie, was, wo? - Home","robots":{"index":"index","follow":"follow","max-snippet":"max-snippet:-1","max-image-preview":"max-image-preview:large","max-video-preview":"max-video-preview:-1"},"canonical":"https:\/\/kidsontrack.ch\/?page_id=53","og_locale":"de_DE","og_type":"article","og_title":"Wie, was, wo? - Home","og_description":"Wie? Du meldest dich mit einem L\u00e4cheln beim Empfang im Innenraum der Rennbahn an. Dort erh\u00e4ltst du deinen Startcoupons und dein T-Shirt. Den Startcoupons gibst du beim Start zum Rennen ab. Halte dich ca. 15min vorher bereit. Es kann vorkommen, dass wir schneller sind und du ein paar Minuten fr\u00fcher starten kannst. Im Innenraum gibt [&hellip;]","og_url":"https:\/\/kidsontrack.ch\/?page_id=53","og_site_name":"Home","article_modified_time":"2024-10-04T14:04:32+00:00","og_image":[{"url":"https:\/\/kidsontrack.ch\/wp-content\/uploads\/2024\/10\/page52-1014-full-1024x768.jpg","type":"","width":"","height":""}],"twitter_card":"summary_large_image","twitter_misc":{"Gesch\u00e4tzte Lesezeit":"2\u00a0Minuten"},"schema":{"@context":"https:\/\/schema.org","@graph":[{"@type":"WebPage","@id":"https:\/\/kidsontrack.ch\/?page_id=53","url":"https:\/\/kidsontrack.ch\/?page_id=53","name":"Wie, was, wo? - Home","isPartOf":{"@id":"https:\/\/kidsontrack.ch\/#website"},"primaryImageOfPage":{"@id":"https:\/\/kidsontrack.ch\/?page_id=53#primaryimage"},"image":{"@id":"https:\/\/kidsontrack.ch\/?page_id=53#primaryimage"},"thumbnailUrl":"https:\/\/kidsontrack.ch\/wp-content\/uploads\/2024\/10\/page52-1014-full-1024x768.jpg","datePublished":"2024-10-04T13:56:58+00:00","dateModified":"2024-10-04T14:04:32+00:00","breadcrumb":{"@id":"https:\/\/kidsontrack.ch\/?page_id=53#breadcrumb"},"inLanguage":"de","potentialAction":[{"@type":"ReadAction","target":["https:\/\/kidsontrack.ch\/?page_id=53"]}]},{"@type":"ImageObject","inLanguage":"de","@id":"https:\/\/kidsontrack.ch\/?page_id=53#primaryimage","url":"https:\/\/kidsontrack.ch\/wp-content\/uploads\/2024\/10\/page52-1014-full.jpg","contentUrl":"https:\/\/kidsontrack.ch\/wp-content\/uploads\/2024\/10\/page52-1014-full.jpg","width":1280,"height":960},{"@type":"BreadcrumbList","@id":"https:\/\/kidsontrack.ch\/?page_id=53#breadcrumb","itemListElement":[{"@type":"ListItem","position":1,"name":"Startseite","item":"https:\/\/kidsontrack.ch\/"},{"@type":"ListItem","position":2,"name":"Wie, was, wo?"}]},{"@type":"WebSite","@id":"https:\/\/kidsontrack.ch\/#website","url":"https:\/\/kidsontrack.ch\/","name":"Home","description":"Rundenzeitfahren f\u00fcr Kinder und Jugendliche","potentialAction":[{"@type":"SearchAction","target":{"@type":"EntryPoint","urlTemplate":"https:\/\/kidsontrack.ch\/?s={search_term_string}"},"query-input":{"@type":"PropertyValueSpecification","valueRequired":true,"valueName":"search_term_string"}}],"inLanguage":"de"}]}},"_links":{"self":[{"href":"https:\/\/kidsontrack.ch\/index.php?rest_route=\/wp\/v2\/pages\/53","targetHints":{"allow":["GET"]}}],"collection":[{"href":"https:\/\/kidsontrack.ch\/index.php?rest_route=\/wp\/v2\/pages"}],"about":[{"href":"https:\/\/kidsontrack.ch\/index.php?rest_route=\/wp\/v2\/types\/page"}],"author":[{"embeddable":true,"href":"https:\/\/kidsontrack.ch\/index.php?rest_route=\/wp\/v2\/users\/1"}],"replies":[{"embeddable":true,"href":"https:\/\/kidsontrack.ch\/index.php?rest_route=%2Fwp%2Fv2%2Fcomments&post=53"}],"version-history":[{"count":8,"href":"https:\/\/kidsontrack.ch\/index.php?rest_route=\/wp\/v2\/pages\/53\/revisions"}],"predecessor-version":[{"id":100,"href":"https:\/\/kidsontrack.ch\/index.php?rest_route=\/wp\/v2\/pages\/53\/revisions\/100"}],"wp:attachment":[{"href":"https:\/\/kidsontrack.ch\/index.php?rest_route=%2Fwp%2Fv2%2Fmedia&parent=53"}],"curies":[{"name":"wp","href":"https:\/\/api.w.org\/{rel}","templated":true}]}}